{"id":13976,"date":"2021-08-03T19:44:16","date_gmt":"2021-08-03T19:44:16","guid":{"rendered":"https:\/\/paivakoti2.pilardev.fi\/kirjautuminen\/"},"modified":"2025-05-12T10:38:57","modified_gmt":"2025-05-12T10:38:57","slug":"kirjautuminen","status":"publish","type":"page","link":"https:\/\/paivakoti2.pilardev.fi\/en\/","title":{"rendered":"Kirjautuminen"},"content":{"rendered":"\n\t<section class=\"section\" id=\"section_1009466461\">\n\t\t<div class=\"section-bg fill\" >\n\t\t\t\t\t\t\t\t\t\n\t\t\t\n\t<div class=\"is-border\"\n\t\tstyle=\"border-width:0px 0px 0px 0px;margin:0p 0px 0px 0px;\">\n\t<\/div>\n\n\t\t<\/div>\n\n\t\t\n\n\t\t<div class=\"section-content relative\">\n\t\t\t\n<div class=\"row align-middle align-center\" style=\"max-width:811px\" id=\"row-1198064887\">\n\n\t<div id=\"col-2090120534\" class=\"col small-12 large-12\"  >\n\t\t\t\t<div class=\"col-inner text-center\"  >\n\t\t\t\n\t\t\t\n\t<div class=\"img has-hover x md-x lg-x y md-y lg-y\" id=\"image_578151091\">\n\t\t\t\t\t\t\t\t<div class=\"img-inner dark\" >\n\t\t\t<img loading=\"lazy\" decoding=\"async\" width=\"1020\" height=\"610\" src=\"https:\/\/paivakoti2.pilardev.fi\/wp-content\/uploads\/2025\/04\/Image-2025-04-07-at-12.22.16-1024x612.jpeg\" class=\"attachment-large size-large\" alt=\"\" srcset=\"https:\/\/paivakoti2.pilardev.fi\/wp-content\/uploads\/2025\/04\/Image-2025-04-07-at-12.22.16-1024x612.jpeg 1024w, https:\/\/paivakoti2.pilardev.fi\/wp-content\/uploads\/2025\/04\/Image-2025-04-07-at-12.22.16-300x179.jpeg 300w, https:\/\/paivakoti2.pilardev.fi\/wp-content\/uploads\/2025\/04\/Image-2025-04-07-at-12.22.16-768x459.jpeg 768w, https:\/\/paivakoti2.pilardev.fi\/wp-content\/uploads\/2025\/04\/Image-2025-04-07-at-12.22.16-1536x919.jpeg 1536w, https:\/\/paivakoti2.pilardev.fi\/wp-content\/uploads\/2025\/04\/Image-2025-04-07-at-12.22.16.jpeg 1600w\" sizes=\"auto, (max-width: 1020px) 100vw, 1020px\" \/>\t\t\t\t\t\t\n\t\t\t\t\t<\/div>\n\t\t\t\t\t\t\t\t\n<style>\n#image_578151091 {\n  width: 76%;\n}\n<\/style>\n\t<\/div>\n\t\n\t\t<\/div>\n\t\t\t\t\t<\/div>\n\n\t\n<\/div>\n\t<div id=\"gap-1869224147\" class=\"gap-element clearfix\" style=\"display:block; height:auto;\">\n\t\t\n<style>\n#gap-1869224147 {\n  padding-top: 1px;\n}\n@media (min-width:550px) {\n  #gap-1869224147 {\n    padding-top: 1px;\n  }\n}\n<\/style>\n\t<\/div>\n\t\n<div class=\"row align-middle align-center\" style=\"max-width:500px\" id=\"row-1139662486\">\n\n\t<div id=\"col-152409114\" class=\"col small-12 large-12\"  >\n\t\t\t\t<div class=\"col-inner\"  >\n\t\t\t\n\t\t\t\n\t<div id=\"text-2490397506\" class=\"text\">\n\t\t\n<p style=\"text-align: center;\"><div class=\"forminator-ui forminator-custom-form forminator-custom-form-1658 forminator-design--bold forminator-custom forminator_ajax\" data-forminator-render=\"0\" data-form=\"forminator-module-1658\" data-uid=\"69de3a114fa4c\"><br\/><\/div><form\n\t\t\t\tid=\"forminator-module-1658\"\n\t\t\t\tclass=\"forminator-ui forminator-custom-form forminator-custom-form-1658 forminator-design--bold forminator-custom forminator_ajax\"\n\t\t\t\tmethod=\"post\"\n\t\t\t\tdata-forminator-render=\"0\"\n\t\t\t\tdata-form-id=\"1658\"\n\t\t\t\t data-color-option=\"default\" data-design=\"bold\" data-grid=\"custom\" style=\"display: none;\"\n\t\t\t\tdata-uid=\"69de3a114fa4c\"\n\t\t\t><div role=\"alert\" aria-live=\"polite\" class=\"forminator-response-message forminator-error\" aria-hidden=\"true\"><\/div><div class=\"forminator-row\"><div id=\"text-1\" class=\"forminator-field-text forminator-col forminator-col-12 \"><div class=\"forminator-field\"><label for=\"forminator-field-text-1_69de3a114fa4c\" id=\"forminator-field-text-1_69de3a114fa4c-label\" class=\"forminator-label\">K\u00e4ytt\u00e4j\u00e4<\/label><input type=\"text\" name=\"text-1\" value=\"\" placeholder=\"K\u00c4YTT\u00c4J\u00c4\" id=\"forminator-field-text-1_69de3a114fa4c\" class=\"forminator-input forminator-name--field\" data-required=\"\" \/><\/div><\/div><\/div><div class=\"forminator-row\"><div id=\"password-1\" class=\"forminator-field-password forminator-col forminator-col-12 \"><div class=\"forminator-field\"><label for=\"forminator-field-password-1_69de3a114fa4c\" id=\"forminator-field-password-1_69de3a114fa4c-label\" class=\"forminator-label\">SALASANA<\/label><input name=\"password-1\" value=\"\" placeholder=\"SALASANA\" id=\"forminator-field-password-1_69de3a114fa4c\" class=\"forminator-input forminator-name--field\" data-required=\"\" type=\"password\" \/><\/div><\/div><\/div><input type=\"hidden\" name=\"referer_url\" value=\"\" \/><div class=\"forminator-row forminator-row-last\"><div class=\"forminator-col\"><div class=\"forminator-field\"><button class=\"forminator-button forminator-button-submit\">KIRJAUDU<\/button><\/div><\/div><\/div><input type=\"hidden\" id=\"forminator_nonce\" name=\"forminator_nonce\" value=\"3a109a846a\" \/><input type=\"hidden\" name=\"_wp_http_referer\" value=\"\/en\/wp-json\/wp\/v2\/pages\/13976\" \/><input type=\"hidden\" name=\"form_id\" value=\"1658\"><input type=\"hidden\" name=\"page_id\" value=\"13976\"><input type=\"hidden\" name=\"form_type\" value=\"login\"><input type=\"hidden\" name=\"current_url\" value=\"https:\/\/paivakoti2.pilardev.fi\/en\/\"><input type=\"hidden\" name=\"render_id\" value=\"0\"><input type=\"hidden\" name=\"redirect_to\" value=\"https:\/\/paivakoti2.pilardev.fi\/etusivu\"><input type=\"hidden\" name=\"action\" value=\"forminator_submit_form_custom-forms\"><\/form>\n\t\t\n<style>\n#text-2490397506 {\n  text-align: center;\n  color: rgb(0, 0, 0);\n}\n#text-2490397506 > * {\n  color: rgb(0, 0, 0);\n}\n<\/style>\n\t<\/div>\n\t\n\t<div id=\"text-761752153\" class=\"text hidden\">\n\t\t\n<p><img loading=\"lazy\" decoding=\"async\" class=\"alignnonewp-image-1929\" src=\"https:\/\/paivakoti2.pilardev.fi\/wp-content\/uploads\/2021\/08\/Kayttajatunnus_logo-removebg-preview.png\" alt=\"\" width=\"115\" height=\"80\" \/><\/p>\n<p><img loading=\"lazy\" decoding=\"async\" class=\"alignnonewp-image-1950\" src=\"https:\/\/paivakoti2.pilardev.fi\/wp-content\/uploads\/2021\/08\/Kirjautuminen_lukko-removebg-preview.png\" alt=\"\" width=\"115\" height=\"80\" \/><\/p>\n\t\t\t<\/div>\n\t\n\t\t<\/div>\n\t\t\t\t\n<style>\n#col-152409114 > .col-inner {\n  padding: 5px 15px 0px 15px;\n}\n<\/style>\n\t<\/div>\n\n\t\n\n\t<div id=\"col-280195847\" class=\"col small-12 large-12\"  >\n\t\t\t\t<div class=\"col-inner\"  >\n\t\t\t\n\t\t\t\n\t<div id=\"text-1486294614\" class=\"text\">\n\t\t\n<p><span style=\"font-size: 120%;\">Onko sinulla kysytt\u00e4v\u00e4\u00e4 Loikkakoplasta tai haluatko ilmaiset kokeilutunnukset? Ota yhteytt\u00e4 asiakkuusp\u00e4\u00e4llikk\u00f6\u00f6mme Rasmus Kuvajaan: 050 5533442, rasmus.kuvaja (\u00e4t) parkourakatemia.fi<\/span><\/p>\n\t\t\n<style>\n#text-1486294614 {\n  text-align: center;\n  color: rgb(0, 0, 0);\n}\n#text-1486294614 > * {\n  color: rgb(0, 0, 0);\n}\n<\/style>\n\t<\/div>\n\t\n\t<div id=\"text-668219912\" class=\"text hidden\">\n\t\t\n<p><img loading=\"lazy\" decoding=\"async\" class=\"alignnonewp-image-1929\" src=\"https:\/\/paivakoti2.pilardev.fi\/wp-content\/uploads\/2021\/08\/Kayttajatunnus_logo-removebg-preview.png\" alt=\"\" width=\"115\" height=\"80\" \/><\/p>\n<p><img loading=\"lazy\" decoding=\"async\" class=\"alignnonewp-image-1950\" src=\"https:\/\/paivakoti2.pilardev.fi\/wp-content\/uploads\/2021\/08\/Kirjautuminen_lukko-removebg-preview.png\" alt=\"\" width=\"115\" height=\"80\" \/><\/p>\n\t\t\t<\/div>\n\t\n\t\t<\/div>\n\t\t\t\t\t<\/div>\n\n\t\n<\/div>\n\n\t\t<\/div>\n\n\t\t\n<style>\n#section_1009466461 {\n  padding-top: 100px;\n  padding-bottom: 100px;\n}\n@media (min-width:550px) {\n  #section_1009466461 {\n    padding-top: 0px;\n    padding-bottom: 0px;\n  }\n}\n<\/style>\n\t<\/section>\n\t\n","protected":false},"excerpt":{"rendered":"","protected":false},"author":1,"featured_media":0,"parent":0,"menu_order":69,"comment_status":"closed","ping_status":"closed","template":"page-blank-landingpage.php","meta":{"_acf_changed":false,"pmpro_default_level":"","footnotes":""},"class_list":["post-13976","page","type-page","status-publish","hentry","pmpro-has-access"],"acf":[],"_links":{"self":[{"href":"https:\/\/paivakoti2.pilardev.fi\/en\/wp-json\/wp\/v2\/pages\/13976","targetHints":{"allow":["GET"]}}],"collection":[{"href":"https:\/\/paivakoti2.pilardev.fi\/en\/wp-json\/wp\/v2\/pages"}],"about":[{"href":"https:\/\/paivakoti2.pilardev.fi\/en\/wp-json\/wp\/v2\/types\/page"}],"author":[{"embeddable":true,"href":"https:\/\/paivakoti2.pilardev.fi\/en\/wp-json\/wp\/v2\/users\/1"}],"replies":[{"embeddable":true,"href":"https:\/\/paivakoti2.pilardev.fi\/en\/wp-json\/wp\/v2\/comments?post=13976"}],"version-history":[{"count":38,"href":"https:\/\/paivakoti2.pilardev.fi\/en\/wp-json\/wp\/v2\/pages\/13976\/revisions"}],"predecessor-version":[{"id":22475,"href":"https:\/\/paivakoti2.pilardev.fi\/en\/wp-json\/wp\/v2\/pages\/13976\/revisions\/22475"}],"wp:attachment":[{"href":"https:\/\/paivakoti2.pilardev.fi\/en\/wp-json\/wp\/v2\/media?parent=13976"}],"curies":[{"name":"wp","href":"https:\/\/api.w.org\/{rel}","templated":true}]}}